{"id":545,"date":"2026-04-21T16:01:23","date_gmt":"2026-04-21T14:01:23","guid":{"rendered":"https:\/\/giemmecut.retinatest.it\/sostenibilita\/"},"modified":"2026-04-21T19:00:37","modified_gmt":"2026-04-21T17:00:37","slug":"sostenibilita","status":"publish","type":"page","link":"https:\/\/giemmecut.retinatest.it\/en\/sostenibilita\/","title":{"rendered":"Sostenibilit\u00e0"},"content":{"rendered":"\n<div id=\"testata-interna\" class=\"wp-block-group full-boxed simb-bg-image has-global-padding is-content-justification-center is-layout-constrained wp-block-group-is-layout-constrained\" style=\"--bg-image:url(https:\/\/giemmecut.retinatest.it\/wp-content\/uploads\/2026\/04\/3351ec0e2245289471a7f90cff51f584569f72e6.jpg)\">\n<div class=\"wp-block-columns are-vertically-aligned-center is-not-stacked-on-mobile is-layout-flex wp-container-core-columns-is-layout-28f84493 wp-block-columns-is-layout-flex\">\n<div class=\"wp-block-column is-vertically-aligned-center is-layout-flow wp-block-column-is-layout-flow\">\n<h1 class=\"wp-block-heading has-text-align-center\">Sostenibilit\u00e0<\/h1>\n\n\n\n<ul class=\"wp-block-list\">\n<li><a href=\"https:\/\/giemmecut.retinatest.it\/en\/\" data-type=\"page\" data-id=\"2\">Home<\/a><\/li>\n\n\n\n<li>Sostenibilit\u00e0<\/li>\n<\/ul>\n<\/div>\n<\/div>\n<\/div>\n\n<div id=\"sostenibilita-sostenibilita\" class=\"wp-block-group full-boxed has-global-padding is-content-justification-center is-layout-constrained wp-block-group-is-layout-constrained\">\n<div class=\"wp-block-columns is-not-stacked-on-mobile is-layout-flex wp-container-core-columns-is-layout-28f84493 wp-block-columns-is-layout-flex\">\n<div class=\"wp-block-column is-vertically-aligned-top titolo is-layout-flow wp-block-column-is-layout-flow\">\n<figure class=\"wp-block-video\"><video autoplay=\"\" loop=\"\" muted=\"\" src=\"\/wp-content\/themes\/frost-child\/assets\/video\/sostenibilita.mp4\" playsinline=\"\"><\/video><\/figure>\n<\/div>\n\n\n\n<div class=\"wp-block-column is-vertically-aligned-stretch testo50 is-layout-flow wp-block-column-is-layout-flow\">\n<p class=\"pretitolo-green\">Sostenibilit\u00e0<\/p>\n\n\n\n<h3 class=\"wp-block-heading\">La sostenibilit\u00e0 \u00e8\u2028<br\/>progettazione consapevole.<\/h3>\n\n\n\n<p>In GM Packaging la sostenibilit\u00e0 non \u00e8 un reparto separato n\u00e9 un obiettivo di comunicazione: \u00e8 un criterio di progetto. Ogni soluzione di packaging viene valutata fin dalla fase di brief per il suo impatto in termini di materiali, volumi, trasporti e fine vita.<\/p>\n\n\n\n<p>Lavoriamo con fornitori certificati, utilizziamo materiali riciclati e riciclabili, e ottimizziamo la densit\u00e0 di carico per ridurre le emissioni lungo tutta la supply chain.<\/p>\n<\/div>\n<\/div>\n<\/div>\n\n<hr class=\"wp-block-separator has-text-color has-alpha-channel-opacity has-background is-style-wide max-screen\" style=\"margin-top:120px;margin-bottom:120px;background-color:#2e2e2e;color:#2e2e2e\"\/>\n\n<div class=\"wp-block-group full-boxed titleblock has-global-padding is-content-justification-center is-layout-constrained wp-block-group-is-layout-constrained\">\n<div class=\"wp-block-columns is-not-stacked-on-mobile is-layout-flex wp-container-core-columns-is-layout-28f84493 wp-block-columns-is-layout-flex\">\n<div class=\"wp-block-column is-vertically-aligned-bottom titolo is-layout-flow wp-block-column-is-layout-flow\" style=\"flex-basis:100%\">\n<p class=\"pretitolo-green\">Certificazione<\/p>\n\n\n\n<h3 class=\"wp-block-heading\">Un partner certificato per una filiera davvero sostenibile.<\/h3>\n<\/div>\n<\/div>\n<\/div>\n\n<div id=\"sostenibilita-certificazione\" class=\"wp-block-group full-boxed has-global-padding is-content-justification-left is-layout-constrained wp-container-core-group-is-layout-12dd3699 wp-block-group-is-layout-constrained\">\n<div class=\"wp-block-columns are-vertically-aligned-center is-not-stacked-on-mobile is-layout-flex wp-container-core-columns-is-layout-28f84493 wp-block-columns-is-layout-flex\">\n<div class=\"wp-block-column is-vertically-aligned-center is-layout-flow wp-block-column-is-layout-flow\">\n<figure class=\"wp-block-image size-full\"><img loading=\"lazy\" decoding=\"async\" width=\"533\" height=\"531\" src=\"https:\/\/giemmecut.retinatest.it\/wp-content\/uploads\/2026\/04\/logo1.png\" alt=\"\" class=\"wp-image-173\" srcset=\"https:\/\/giemmecut.retinatest.it\/wp-content\/uploads\/2026\/04\/logo1.png 533w, https:\/\/giemmecut.retinatest.it\/wp-content\/uploads\/2026\/04\/logo1-150x150.png 150w, https:\/\/giemmecut.retinatest.it\/wp-content\/uploads\/2026\/04\/logo1-300x300.png 300w\" sizes=\"auto, (max-width: 533px) 100vw, 533px\" \/><\/figure>\n<\/div>\n\n\n\n<div class=\"wp-block-column is-vertically-aligned-center is-layout-flow wp-block-column-is-layout-flow\">\n<h4 class=\"wp-block-heading\">Certificati Ecovadis<\/h4>\n\n\n\n<p>Sostenibilit\u00e0 verificata in ogni fase del processo.<\/p>\n\n\n\n<p>GM Pack \u00e8 certificata Ecovadis, il sistema di valutazione della sostenibilit\u00e0 aziendale pi\u00f9 riconosciuto a livello internazionale. Non si tratta di un obiettivo di comunicazione \u2014 \u00e8 un criterio operativo che guida ogni fase del nostro processo, dalla progettazione dell&#8217;imballo alla consegna finale.<\/p>\n\n\n\n<p>Scegliere GM Pack significa integrare nel proprio processo produttivo un partner verificato, trasparente e misurabile nelle sue performance ambientali e sociali.<\/p>\n\n\n\n<ul class=\"wp-block-list\">\n<li><strong>Valutazione ESG verificata e aggiornata annualmente<\/strong><\/li>\n\n\n\n<li><strong>Processo tracciabile dalla progettazione alla consegna<\/strong><\/li>\n\n\n\n<li><strong>Supporto attivo per i clienti che perseguono obiettivi di sostenibilit\u00e0<\/strong><\/li>\n<\/ul>\n<\/div>\n<\/div>\n<\/div>\n\n<div id=\"sostenibilita-risultati\" class=\"wp-block-group simb-bg-image has-global-padding is-content-justification-center is-layout-constrained wp-block-group-is-layout-constrained\" style=\"--bg-image:url(https:\/\/giemmecut.retinatest.it\/wp-content\/uploads\/2026\/04\/807e9a9ce260f4bf987b67df70ff351602b0971c.jpg)\">\n<div class=\"wp-block-columns are-vertically-aligned-center is-not-stacked-on-mobile is-layout-flex wp-container-core-columns-is-layout-28f84493 wp-block-columns-is-layout-flex\">\n<div class=\"wp-block-column is-vertically-aligned-center is-layout-flow wp-block-column-is-layout-flow\" style=\"flex-basis:100%\">\n<p class=\"pretitolo-green\">Risultati<\/p>\n\n\n\n<h4 class=\"wp-block-heading\">Risultati concreti,<br\/>non solo intenzioni.<\/h4>\n\n\n\n<div class=\"wp-block-columns are-vertically-aligned-top is-layout-flex wp-container-core-columns-is-layout-28f84493 wp-block-columns-is-layout-flex\" id=\"counter-home\">\n<div class=\"wp-block-column is-vertically-aligned-top is-layout-flow wp-block-column-is-layout-flow\" style=\"flex-basis:100%\">\n<h3 class=\"wp-block-heading has-text-align-center evidenziato-green\">-30%<\/h3>\n\n\n\n<p class=\"has-text-align-center\">Riduzione materiali per progetto<br\/>rispetto a soluzioni standard<\/p>\n<\/div>\n\n\n\n<div class=\"wp-block-column is-vertically-aligned-top is-layout-flow wp-block-column-is-layout-flow\" style=\"flex-basis:100%\">\n<h3 class=\"wp-block-heading has-text-align-center evidenziato-green\">100%<\/h3>\n\n\n\n<p class=\"has-text-align-center\">Materiali riciclabili o riciclati<br\/>nei prodotti a base cellulosica<\/p>\n<\/div>\n\n\n\n<div class=\"wp-block-column is-vertically-aligned-top is-layout-flow wp-block-column-is-layout-flow\" style=\"flex-basis:100%\">\n<h3 class=\"wp-block-heading has-text-align-center evidenziato-green\">-18%<\/h3>\n\n\n\n<p class=\"has-text-align-center\">Emissioni CO\u2082 logistica<br\/>ottimizzazione dei carichi<\/p>\n<\/div>\n<\/div>\n<\/div>\n<\/div>\n<\/div>\n\n<hr class=\"wp-block-separator has-text-color has-alpha-channel-opacity has-background is-style-wide max-screen\" style=\"margin-top:120px;margin-bottom:120px;background-color:#2e2e2e;color:#2e2e2e\"\/>\n\n<div class=\"wp-block-group full-boxed titleblock has-global-padding is-content-justification-center is-layout-constrained wp-block-group-is-layout-constrained\">\n<div class=\"wp-block-columns is-not-stacked-on-mobile is-layout-flex wp-container-core-columns-is-layout-28f84493 wp-block-columns-is-layout-flex\">\n<div class=\"wp-block-column is-vertically-aligned-bottom titolo is-layout-flow wp-block-column-is-layout-flow\" style=\"flex-basis:100%\">\n<h3 class=\"wp-block-heading\">Tre pilastri per un packaging responsabile.<\/h3>\n\n\n\n<p>In GIEMME PACK la sostenibilit\u00e0 non \u00e8 un reparto separato n\u00e9 un obiettivo di comunicazione: \u00e8 un criterio di progetto. Ogni soluzione di packaging viene valutata fin dalla fase di brief per il suo impatto in termini di materiali, volumi<\/p>\n<\/div>\n<\/div>\n<\/div>\n\n<div id=\"sostenibilita-pilastri\" class=\"wp-block-group full-boxed has-global-padding is-content-justification-center is-layout-constrained wp-block-group-is-layout-constrained\">\n<div class=\"wp-block-columns is-not-stacked-on-mobile is-layout-flex wp-container-core-columns-is-layout-28f84493 wp-block-columns-is-layout-flex\">\n<div class=\"wp-block-column is-vertically-aligned-bottom is-layout-flow wp-block-column-is-layout-flow\">\n<figure class=\"wp-block-image size-large\"><img loading=\"lazy\" decoding=\"async\" width=\"1024\" height=\"687\" src=\"https:\/\/giemmecut.retinatest.it\/wp-content\/uploads\/2026\/04\/017c3fb85b3ce4660d04b3579eea05d0309dfc83-1024x687.jpg\" alt=\"\" class=\"wp-image-28\" srcset=\"https:\/\/giemmecut.retinatest.it\/wp-content\/uploads\/2026\/04\/017c3fb85b3ce4660d04b3579eea05d0309dfc83-1024x687.jpg 1024w, https:\/\/giemmecut.retinatest.it\/wp-content\/uploads\/2026\/04\/017c3fb85b3ce4660d04b3579eea05d0309dfc83-300x201.jpg 300w, https:\/\/giemmecut.retinatest.it\/wp-content\/uploads\/2026\/04\/017c3fb85b3ce4660d04b3579eea05d0309dfc83-768x515.jpg 768w, https:\/\/giemmecut.retinatest.it\/wp-content\/uploads\/2026\/04\/017c3fb85b3ce4660d04b3579eea05d0309dfc83.jpg 1193w\" sizes=\"auto, (max-width: 1024px) 100vw, 1024px\" \/><\/figure>\n\n\n\n<h6 class=\"wp-block-heading\">Ottimizzazione dei materiali<\/h6>\n\n\n\n<p>Selezioniamo materiali a basso impatto: cartone riciclato, schiume biodegradabili, polimeri da fonti rinnovabili. Progettiamo per ridurre peso e volume senza compromettere la protezione.<\/p>\n<\/div>\n\n\n\n<div class=\"wp-block-column is-vertically-aligned-bottom is-layout-flow wp-block-column-is-layout-flow\">\n<figure class=\"wp-block-image size-large\"><img loading=\"lazy\" decoding=\"async\" width=\"1024\" height=\"687\" src=\"https:\/\/giemmecut.retinatest.it\/wp-content\/uploads\/2026\/04\/439988623c758fad3bebeabd98e74363e841365d-1024x687.jpg\" alt=\"\" class=\"wp-image-48\" srcset=\"https:\/\/giemmecut.retinatest.it\/wp-content\/uploads\/2026\/04\/439988623c758fad3bebeabd98e74363e841365d-1024x687.jpg 1024w, https:\/\/giemmecut.retinatest.it\/wp-content\/uploads\/2026\/04\/439988623c758fad3bebeabd98e74363e841365d-300x201.jpg 300w, https:\/\/giemmecut.retinatest.it\/wp-content\/uploads\/2026\/04\/439988623c758fad3bebeabd98e74363e841365d-768x515.jpg 768w, https:\/\/giemmecut.retinatest.it\/wp-content\/uploads\/2026\/04\/439988623c758fad3bebeabd98e74363e841365d.jpg 1193w\" sizes=\"auto, (max-width: 1024px) 100vw, 1024px\" \/><\/figure>\n\n\n\n<h6 class=\"wp-block-heading\">Riduzione scorte e trasporti<\/h6>\n\n\n\n<p>Modelli just-in-time e imballi ad alta densit\u00e0 riducono i viaggi e le scorte a magazzino. Meno trasporti significa meno emissioni di CO\u2082 lungo l&#8217;intera catena logistica.<\/p>\n<\/div>\n\n\n\n<div class=\"wp-block-column is-vertically-aligned-bottom is-layout-flow wp-block-column-is-layout-flow\">\n<figure class=\"wp-block-image size-large\"><img loading=\"lazy\" decoding=\"async\" width=\"1024\" height=\"687\" src=\"https:\/\/giemmecut.retinatest.it\/wp-content\/uploads\/2026\/04\/47b034d7cb546d75c6b8b95bf635d739d177d25a-1024x687.jpg\" alt=\"\" class=\"wp-image-31\" srcset=\"https:\/\/giemmecut.retinatest.it\/wp-content\/uploads\/2026\/04\/47b034d7cb546d75c6b8b95bf635d739d177d25a-1024x687.jpg 1024w, https:\/\/giemmecut.retinatest.it\/wp-content\/uploads\/2026\/04\/47b034d7cb546d75c6b8b95bf635d739d177d25a-300x201.jpg 300w, https:\/\/giemmecut.retinatest.it\/wp-content\/uploads\/2026\/04\/47b034d7cb546d75c6b8b95bf635d739d177d25a-768x515.jpg 768w, https:\/\/giemmecut.retinatest.it\/wp-content\/uploads\/2026\/04\/47b034d7cb546d75c6b8b95bf635d739d177d25a.jpg 1192w\" sizes=\"auto, (max-width: 1024px) 100vw, 1024px\" \/><\/figure>\n\n\n\n<h6 class=\"wp-block-heading\">Soluzioni a basso impatto<\/h6>\n\n\n\n<p>Selezioniamo e proponiamo soluzioni concrete che coniugano protezione efficace e responsabilit\u00e0 ambientale: carta certificata, contenitori riutilizzabili e sistemi ottimizzati per ridurre il volume di spedizione.<\/p>\n<\/div>\n<\/div>\n<\/div>\n\n<div id=\"prefooter-generico\" class=\"wp-block-group full-boxed has-global-padding is-content-justification-center is-layout-constrained wp-block-group-is-layout-constrained\">\n<div class=\"wp-block-columns is-not-stacked-on-mobile is-layout-flex wp-container-core-columns-is-layout-28f84493 wp-block-columns-is-layout-flex\">\n<div class=\"wp-block-column is-vertically-aligned-stretch is-layout-flow wp-block-column-is-layout-flow\">\n<h2 class=\"wp-block-heading has-text-align-center\">Raccontaci il tuo progetto<\/h2>\n\n\n\n<p class=\"has-text-align-center\">Analizziamo insieme vincoli, volumi e criticit\u00e0 operative<br\/>per definire una soluzione tecnica mirata.<\/p>\n\n\n\n<div class=\"wp-block-buttons is-content-justification-center is-layout-flex wp-container-core-buttons-is-layout-a89b3969 wp-block-buttons-is-layout-flex\">\n<div class=\"wp-block-button button-primary\"><a class=\"wp-block-button__link has-text-align-center wp-element-button\" href=\"https:\/\/giemmecut.retinatest.it\/en\/contatti\/\">Richiedi informazioni<\/a><\/div>\n<\/div>\n<\/div>\n<\/div>\n<\/div>\n\n<p><\/p>\n","protected":false},"excerpt":{"rendered":"<p>Sostenibilit\u00e0 Sostenibilit\u00e0 La sostenibilit\u00e0 \u00e8\u2028progettazione consapevole. In GM Packaging la sostenibilit\u00e0 non \u00e8 un reparto separato n\u00e9 un obiettivo di comunicazione: \u00e8 un criterio di progetto. Ogni soluzione di packaging viene valutata fin dalla fase di brief per il suo impatto in termini di materiali, volumi, trasporti e fine vita. Lavoriamo con fornitori certificati, utilizziamo [&hellip;]<\/p>\n","protected":false},"author":1,"featured_media":0,"parent":0,"menu_order":0,"comment_status":"closed","ping_status":"closed","template":"","meta":{"_acf_changed":false,"inline_featured_image":false,"footnotes":""},"class_list":["post-545","page","type-page","status-publish","hentry"],"acf":[],"_links":{"self":[{"href":"https:\/\/giemmecut.retinatest.it\/en\/wp-json\/wp\/v2\/pages\/545","targetHints":{"allow":["GET"]}}],"collection":[{"href":"https:\/\/giemmecut.retinatest.it\/en\/wp-json\/wp\/v2\/pages"}],"about":[{"href":"https:\/\/giemmecut.retinatest.it\/en\/wp-json\/wp\/v2\/types\/page"}],"author":[{"embeddable":true,"href":"https:\/\/giemmecut.retinatest.it\/en\/wp-json\/wp\/v2\/users\/1"}],"replies":[{"embeddable":true,"href":"https:\/\/giemmecut.retinatest.it\/en\/wp-json\/wp\/v2\/comments?post=545"}],"version-history":[{"count":1,"href":"https:\/\/giemmecut.retinatest.it\/en\/wp-json\/wp\/v2\/pages\/545\/revisions"}],"predecessor-version":[{"id":546,"href":"https:\/\/giemmecut.retinatest.it\/en\/wp-json\/wp\/v2\/pages\/545\/revisions\/546"}],"wp:attachment":[{"href":"https:\/\/giemmecut.retinatest.it\/en\/wp-json\/wp\/v2\/media?parent=545"}],"curies":[{"name":"wp","href":"https:\/\/api.w.org\/{rel}","templated":true}]}}